{"id":22978,"date":"2021-12-01T13:02:35","date_gmt":"2021-12-01T11:13:18","guid":{"rendered":"https:\/\/jasminellis.com\/champion-2\/"},"modified":"2021-12-01T13:42:37","modified_gmt":"2021-12-01T12:42:37","slug":"champion-2","status":"publish","type":"page","link":"https:\/\/jasminellis.com\/de\/champion-2\/","title":{"rendered":"Champion"},"content":{"rendered":"","protected":false},"excerpt":{"rendered":"","protected":false},"author":2,"featured_media":0,"parent":0,"menu_order":0,"comment_status":"closed","ping_status":"closed","template":"","meta":{"_monsterinsights_skip_tracking":false,"_monsterinsights_sitenote_active":false,"_monsterinsights_sitenote_note":"","_monsterinsights_sitenote_category":0},"aioseo_notices":[],"grid":"{\r\n  \"colCount\": 12,\r\n  \"colGutter\": 1,\r\n  \"rowGutters\": [\r\n    5,\r\n    5,\r\n    5\r\n  ],\r\n  \"frameMargin\": 5,\r\n  \"topFrameMargin\": 40,\r\n  \"bottomFrameMargin\": 5,\r\n  \"rowAttrs\": [\r\n    {},\r\n    {},\r\n    {},\r\n    {}\r\n  ],\r\n  \"bgColor\": null,\r\n  \"cont\": [\r\n    {\r\n      \"type\": \"img\",\r\n      \"cont\": \"\/wp-content\/uploads\/RD_190505_TONIISLONELY_2048_C.jpg\",\r\n      \"align\": \"top\",\r\n      \"row\": 0,\r\n      \"col\": 1,\r\n      \"colspan\": 2,\r\n      \"offsetx\": 0,\r\n      \"offsety\": 0,\r\n      \"spaceabove\": 0,\r\n      \"spacebelow\": 0,\r\n      \"yvel\": 1,\r\n      \"push\": 1,\r\n      \"relid\": 968,\r\n      \"attid\": 22973,\r\n      \"sizes\": {\r\n        \"full\": \"\/wp-content\/uploads\/RD_190505_TONIISLONELY_2048_C.jpg\",\r\n        \"_1280\": \"\/wp-content\/uploads\/RD_190505_TONIISLONELY_2048_C-1280x1875.jpg\",\r\n        \"_1024\": \"\/wp-content\/uploads\/RD_190505_TONIISLONELY_2048_C-1024x1500.jpg\",\r\n        \"_768\": \"\/wp-content\/uploads\/RD_190505_TONIISLONELY_2048_C-768x1125.jpg\",\r\n        \"_512\": \"\/wp-content\/uploads\/RD_190505_TONIISLONELY_2048_C-512x750.jpg\",\r\n        \"_265\": \"\/wp-content\/uploads\/RD_190505_TONIISLONELY_2048_C-265x388.jpg\"\r\n      },\r\n      \"w\": 1638,\r\n      \"h\": 2400,\r\n      \"ar\": 1.465201465201465,\r\n      \"alt\": \"\"\r\n    },\r\n    {\r\n      \"type\": \"img\",\r\n      \"cont\": \"\/wp-content\/uploads\/RD_190505_TONIISLONELY_2358.jpg\",\r\n      \"align\": \"top\",\r\n      \"row\": 0,\r\n      \"col\": 4,\r\n      \"colspan\": 4,\r\n      \"offsetx\": 0,\r\n      \"offsety\": 0,\r\n      \"spaceabove\": 0,\r\n      \"spacebelow\": 0,\r\n      \"yvel\": 1,\r\n      \"push\": 1,\r\n      \"relid\": 969,\r\n      \"attid\": 22975,\r\n      \"sizes\": {\r\n        \"full\": \"\/wp-content\/uploads\/RD_190505_TONIISLONELY_2358.jpg\",\r\n        \"_1920\": \"\/wp-content\/uploads\/RD_190505_TONIISLONELY_2358-1920x1280.jpg\",\r\n        \"_1280\": \"\/wp-content\/uploads\/RD_190505_TONIISLONELY_2358-1280x853.jpg\",\r\n        \"_1024\": \"\/wp-content\/uploads\/RD_190505_TONIISLONELY_2358-1024x683.jpg\",\r\n        \"_768\": \"\/wp-content\/uploads\/RD_190505_TONIISLONELY_2358-768x512.jpg\",\r\n        \"_512\": \"\/wp-content\/uploads\/RD_190505_TONIISLONELY_2358-512x341.jpg\",\r\n        \"_265\": \"\/wp-content\/uploads\/RD_190505_TONIISLONELY_2358-265x177.jpg\"\r\n      },\r\n      \"w\": 2400,\r\n      \"h\": 1600,\r\n      \"ar\": 0.6666666666666666,\r\n      \"alt\": \"\",\r\n      \"frameOverflow\": \"\"\r\n    },\r\n    {\r\n      \"type\": \"img\",\r\n      \"cont\": \"\/wp-content\/uploads\/RD_190505_TONIISLONELY_1313-1.jpg\",\r\n      \"align\": \"top\",\r\n      \"row\": 0,\r\n      \"col\": 9,\r\n      \"colspan\": 2,\r\n      \"offsetx\": 0,\r\n      \"offsety\": 0,\r\n      \"spaceabove\": 0,\r\n      \"spacebelow\": 0,\r\n      \"yvel\": 1,\r\n      \"push\": 1,\r\n      \"relid\": 967,\r\n      \"attid\": 22971,\r\n      \"sizes\": {\r\n        \"full\": \"\/wp-content\/uploads\/RD_190505_TONIISLONELY_1313-1.jpg\",\r\n        \"_1280\": \"\/wp-content\/uploads\/RD_190505_TONIISLONELY_1313-1-1280x1831.jpg\",\r\n        \"_1024\": \"\/wp-content\/uploads\/RD_190505_TONIISLONELY_1313-1-1024x1465.jpg\",\r\n        \"_768\": \"\/wp-content\/uploads\/RD_190505_TONIISLONELY_1313-1-768x1098.jpg\",\r\n        \"_512\": \"\/wp-content\/uploads\/RD_190505_TONIISLONELY_1313-1-512x732.jpg\",\r\n        \"_265\": \"\/wp-content\/uploads\/RD_190505_TONIISLONELY_1313-1-265x379.jpg\"\r\n      },\r\n      \"w\": 1678,\r\n      \"h\": 2400,\r\n      \"ar\": 1.430274135876043,\r\n      \"alt\": \"\"\r\n    },\r\n    {\r\n      \"type\": \"text\",\r\n      \"cont\": \"<p><span style=\\\"font-size: 12px;\\\"><b>Jasmine Ellis Projects gUG<br \/><\/b><\/span><span style=\\\"font-size: 12px;\\\">Die Welt braucht mehr Tanz.<\/span><\/p><p><span style=\\\"font-size: 12px;\\\">Das CHAMPION-Programm von Jasmine Ellis Projects gUG<\/span><br \/><span style=\\\"font-size: 12px;\\\">Jasmine Ellis Projects hat sich als eine der aufstrebenden innovativen Tanzkompanien in Deutschland etabliert. Ellis' unverwechselbare choreografische Stimme verwebt Vertrautheit, Verletzlichkeit und Humor. Mit Hilfe von Tanz, Sprache, Musik und Film reflektiert sie das Menschsein in globalen Gesellschaften. Als F\u00f6rder:in unterst\u00fctzen Sie einflussreiche Kreationen des zeitgen\u00f6ssischen Tanzes, weibliche F\u00fchrungskraft und zug\u00e4ngliche, anschlussf\u00e4hige Erkundungen der darstellenden K\u00fcnste in Bayern\/M\u00fcnchen.<\/span><\/p><p>\u00a0<\/p>\",\r\n      \"align\": \"top\",\r\n      \"row\": 1,\r\n      \"col\": 1,\r\n      \"colspan\": 8,\r\n      \"offsetx\": 0,\r\n      \"offsety\": 0,\r\n      \"spaceabove\": 0,\r\n      \"spacebelow\": 0,\r\n      \"yvel\": 1,\r\n      \"push\": 1,\r\n      \"relid\": 4\r\n    },\r\n    {\r\n      \"type\": \"text\",\r\n      \"cont\": \"<p><span style=\\\"font-size: 12px;\\\"><b>CHAMPION<\/b><span style=\\\"font-weight: 400;\\\"> von Jasmine Ellis Projects gUG<br \/><\/span><\/span><span style=\\\"font-size: 12px; letter-spacing: 0em; text-indent: 0em; background-color: #ffffff;\\\">(\u00fcber 250 Euro \/ Jahr)<\/span><\/p><p><span style=\\\"font-size: 12px;\\\"><b>Vorteile<br \/><\/b><\/span><span style=\\\"font-size: 12px; letter-spacing: 0em; background-color: #ffffff;\\\">\u00ad\u2022 <span style=\\\"font-size: 12px;\\\">2 Karten f\u00fcr eine Jasmine Ellis Projects Premiere in M\u00fcnchen pro Jahr<\/span><\/span><span style=\\\"font-size: 12px; letter-spacing: 0em; background-color: #ffffff;\\\"><br \/><\/span><span style=\\\"font-size: 12px; letter-spacing: 0em; background-color: #ffffff;\\\">\u00ad\u2022 <span style=\\\"font-size: 12px;\\\">Zugang zu Premierenpartys mit einem Gast<\/span><br \/><\/span><span style=\\\"font-size: 12px; letter-spacing: 0em; background-color: #ffffff;\\\">\u00ad\u2022 <span style=\\\"font-size: 12px;\\\">Einladungen zu ausgew\u00e4hlten offenen Proben<\/span><br \/><\/span><span style=\\\"font-size: 12px; letter-spacing: 0em; background-color: #ffffff;\\\">\u00ad\u2022 <span style=\\\"font-size: 12px;\\\">CHAMPION Newsletter mit Informationen \u00fcber die Kompanie und Ank\u00fcndigungen<\/span><br \/><\/span><span style=\\\"font-size: 12px; letter-spacing: 0em; background-color: #ffffff;\\\">\u00ad\u2022 <span style=\\\"font-size: 12px;\\\">Nennung in Programmen und auf Websites<\/span><br \/><\/span><span style=\\\"font-size: 12px; letter-spacing: 0em; background-color: #ffffff;\\\">\u00ad\u2022 <span style=\\\"font-size: 12px;\\\">Jasmine Ellis Projects gUG kann f\u00fcr Spenden Spendenquittungen ausstellen<\/span><\/span><\/p>\",\r\n      \"align\": \"top\",\r\n      \"row\": 2,\r\n      \"col\": 1,\r\n      \"colspan\": 5,\r\n      \"offsetx\": 0,\r\n      \"offsety\": 0,\r\n      \"spaceabove\": 0,\r\n      \"spacebelow\": 0,\r\n      \"yvel\": 1,\r\n      \"push\": 1,\r\n      \"relid\": 5,\r\n      \"frameOverflow\": \"\"\r\n    },\r\n    {\r\n      \"type\": \"text\",\r\n      \"cont\": \"<p><span style=\\\"font-size: 12px;\\\"><b>Humble CHAMPION <\/b><span style=\\\"font-weight: 400;\\\">von Jasmine Ellis Projects gUG<br \/><\/span><\/span><b><\/b><span style=\\\"font-size: 12px; letter-spacing: 0em; text-indent: 0em; background-color: #ffffff;\\\">(\u00fcber 900 Euro \/ Jahr)<\/span><\/p><p><span style=\\\"font-size: 12px;\\\"><b>Vorteile<br \/><\/b><\/span><b><\/b><span style=\\\"font-size: 12px; letter-spacing: 0em; background-color: #ffffff;\\\">\u00ad\u2022 <span style=\\\"font-size: 12px;\\\">2 Tickets f\u00fcr jede Jasmine Ellis Projects Premiere in M\u00fcnchen<\/span><br \/><\/span><span style=\\\"font-size: 12px; letter-spacing: 0em; background-color: #ffffff;\\\">\u00ad\u2022 <span style=\\\"font-size: 12px;\\\">Zugang zu Premierenpartys mit einem Gast<\/span><br \/><\/span><span style=\\\"font-size: 12px; letter-spacing: 0em; background-color: #ffffff;\\\">\u00ad\u2022 <span style=\\\"font-size: 12px;\\\">Einladungen zu ausgew\u00e4hlten offenen Proben<\/span><\/span><span style=\\\"font-size: 12px; letter-spacing: 0em; background-color: #ffffff;\\\"><br \/><\/span><span style=\\\"font-size: 12px; letter-spacing: 0em; background-color: #ffffff;\\\">\u00ad\u2022 <span style=\\\"font-size: 12px;\\\">CHAMPION Newsletter mit Informationen \u00fcber die Kompanie und Ank\u00fcndigungen<\/span><br \/><\/span><span style=\\\"font-size: 12px; letter-spacing: 0em; background-color: #ffffff;\\\">\u00ad\u2022 <span style=\\\"font-size: 12px;\\\">1 signiertes Poster der Kompanie pro Jahr<\/span><\/span><span style=\\\"font-size: 12px; letter-spacing: 0em; background-color: #ffffff;\\\">\u00ad<br \/>\u2022 <span style=\\\"font-size: 12px;\\\">Einladung mit einem Gast zum j\u00e4hrlichen CHAMPION MEETING. Gelegenheit, exklusive Ausschnitte aus aktuellen Werken in entspannter Atmosph\u00e4re mit den beteiligten K\u00fcnstlern zu sehen<\/span><br \/><\/span><span style=\\\"font-size: 12px; letter-spacing: 0em; background-color: #ffffff;\\\">\u00ad\u2022 <span style=\\\"font-size: 12px;\\\">Nennung in Programmen und auf Websites<\/span><br \/><\/span><strong><\/strong><span style=\\\"font-size: 12px; letter-spacing: 0em; background-color: #ffffff;\\\">\u00ad\u2022 <span style=\\\"font-size: 12px;\\\">Jasmine Ellis Projects gUG kann f\u00fcr Spenden Spendenquittungen ausstellen<\/span><\/span><\/p>\",\r\n      \"align\": \"top\",\r\n      \"row\": 2,\r\n      \"col\": 7,\r\n      \"colspan\": 5,\r\n      \"offsetx\": 0,\r\n      \"offsety\": 0,\r\n      \"spaceabove\": 0,\r\n      \"spacebelow\": 0,\r\n      \"yvel\": 1,\r\n      \"push\": 1,\r\n      \"relid\": 6,\r\n      \"frameOverflow\": \"\"\r\n    },\r\n    {\r\n      \"type\": \"text\",\r\n      \"cont\": \"<p><strong><span style=\\\"font-size: 12px;\\\">Sie m\u00f6chten ein CHAMPION von Jasmine Ellis Projects werden? Dann kontaktieren Sie bitte: <\/span><span style=\\\"font-size: 12px;\\\"><a rel=\\\"noopener\\\" href=\\\"mailto:sophie@jasminellis.com\\\" target=\\\"_blank\\\">sophie@jasminellis.com<\/a><\/span><\/strong><\/p>\",\r\n      \"align\": \"top\",\r\n      \"row\": 3,\r\n      \"col\": 0,\r\n      \"colspan\": 12,\r\n      \"offsetx\": 0,\r\n      \"offsety\": 0,\r\n      \"spaceabove\": 0,\r\n      \"spacebelow\": 0,\r\n      \"yvel\": 1,\r\n      \"push\": 0,\r\n      \"relid\": 7,\r\n      \"frameOverflow\": \"right\"\r\n    }\r\n  ]\r\n}","phonegrid":"","_links":{"self":[{"href":"https:\/\/jasminellis.com\/de\/wp-json\/wp\/v2\/pages\/22978"}],"collection":[{"href":"https:\/\/jasminellis.com\/de\/wp-json\/wp\/v2\/pages"}],"about":[{"href":"https:\/\/jasminellis.com\/de\/wp-json\/wp\/v2\/types\/page"}],"author":[{"embeddable":true,"href":"https:\/\/jasminellis.com\/de\/wp-json\/wp\/v2\/users\/2"}],"replies":[{"embeddable":true,"href":"https:\/\/jasminellis.com\/de\/wp-json\/wp\/v2\/comments?post=22978"}],"version-history":[{"count":0,"href":"https:\/\/jasminellis.com\/de\/wp-json\/wp\/v2\/pages\/22978\/revisions"}],"wp:attachment":[{"href":"https:\/\/jasminellis.com\/de\/wp-json\/wp\/v2\/media?parent=22978"}],"curies":[{"name":"wp","href":"https:\/\/api.w.org\/{rel}","templated":true}]}}