{"id":22957,"date":"2021-11-29T17:44:23","date_gmt":"2020-08-22T08:22:49","guid":{"rendered":"https:\/\/jasminellis.com\/work-history-2\/"},"modified":"2021-11-29T18:47:56","modified_gmt":"2021-11-29T16:47:56","slug":"work-history-2","status":"publish","type":"page","link":"https:\/\/jasminellis.com\/de\/work-history-2\/","title":{"rendered":"Portfolio"},"content":{"rendered":"","protected":false},"excerpt":{"rendered":"","protected":false},"author":2,"featured_media":0,"parent":0,"menu_order":0,"comment_status":"closed","ping_status":"closed","template":"","meta":{"_monsterinsights_skip_tracking":false,"_monsterinsights_sitenote_active":false,"_monsterinsights_sitenote_note":"","_monsterinsights_sitenote_category":0},"aioseo_notices":[],"grid":"{\r\n  \"colCount\": 12,\r\n  \"colGutter\": 1,\r\n  \"rowGutters\": [],\r\n  \"frameMargin\": 5,\r\n  \"topFrameMargin\": 40,\r\n  \"bottomFrameMargin\": 5,\r\n  \"rowAttrs\": [\r\n    {}\r\n  ],\r\n  \"bgColor\": null,\r\n  \"cont\": [\r\n    {\r\n      \"type\": \"text\",\r\n      \"cont\": \"<p>\u00a0<\/p><p>\u00a0<\/p><p style=\\\"line-height: 0.6;\\\"><span style=\\\"font-size: 15px; letter-spacing: 0.01em;\\\"><strong>B\u00fchnenchoreographie<\/strong> (Auswahl)<\/span><\/p><p style=\\\"line-height: 0.6;\\\"><span style=\\\"font-size: 12px;\\\"><b>Onomatopoeia <\/b><span style=\\\"letter-spacing: 0.01em;\\\">| 10min | duet <\/span><span style=\\\"letter-spacing: 0.01em;\\\">| 2021 | <\/span><b><span style=\\\"letter-spacing: 0.01em;\\\"><strong><span style=\\\"font-weight: 400;\\\">Jasmine Ellis Projects und Bad Posture Productions. In Kooperation mit ROXY \u2013 TanzLabor. K\u00fcnstlerische Leitung Pablo Sansalvador<\/span><\/strong><\/span><\/b><\/span><\/p><p style=\\\"line-height: 0.6;\\\"><span style=\\\"font-size: 12px;\\\"><b>Anything <\/b><span style=\\\"letter-spacing: 0.01em;\\\">| 10min | solo <\/span><span style=\\\"letter-spacing: 0.01em;\\\">| <\/span><b><span style=\\\"letter-spacing: 0.01em;\\\"><strong><span style=\\\"font-weight: 400;\\\">Jasmine Ellis Projects | M\u00e4rz 2021 | 12 Stunden Live-Stream aus dem Pelkovenschl\u00f6ssl | \\\"Make it!\u201c Blackbox, Gasteig Munich<\/span><\/strong><\/span><\/b><\/span><\/p><p style=\\\"line-height: 0.6;\\\"><span style=\\\"font-size: 12px;\\\"><span style=\\\"letter-spacing: 0.01em;\\\"><strong>Is Susan lonely? <\/strong>| 60min | 6 Performer:innen | Premiere Nov. 2020 M\u00fcnchen, DE; Jasmine Ellis \/ Mit Unterst\u00fctzung von der Stadt <\/span><span style=\\\"letter-spacing: 0.01em;\\\">M\u00fcnchen. In Kooperation mit Theater HochX<\/span><span style=\\\"letter-spacing: 0.01em;\\\"><strong>\u00a0<\/strong><\/span><\/span><\/p><p style=\\\"line-height: 0.6;\\\"><span style=\\\"font-size: 12px;\\\"><span style=\\\"letter-spacing: 0.01em;\\\"><strong>Everything Blue<\/strong> | 60min | 6 Performer:innen | Premiere Jan. 2020 M\u00fcnchen, DE; Jasmine Ellis \/ Mit Unterst\u00fctzung von der Stadt M\u00fcnchen. In Kooperation mit Theater HochX<strong>\u00a0<\/strong><\/span><\/span><\/p><p style=\\\"line-height: 0.6;\\\"><span style=\\\"font-size: 12px;\\\"><span style=\\\"letter-spacing: 0.01em;\\\"><strong>Toni is lonely <\/strong>| 60min | 8 Performer:innen | Premiere Mai 2019 M\u00fcnchen, DE; Jasmine Ellis \/ <\/span><span style=\\\"letter-spacing: 0.01em;\\\">Mit Unterst\u00fctzung vom Canada Council for the Arts. In Kooperation mit dem <a href=\\\"https:\/\/www.residenztheater.de\/inszenierung\/toni-lonely\\\">Residenztheater M\u00fcnchen <\/a>&amp;\u00a0<a href=\\\"https:\/\/www.dance-muenchen.de\/en\/2019\/toni-is-lonely-premiere\/98\\\">DANCE festival<\/a> M\u00fcnchen<\/span><\/span><\/p><p style=\\\"line-height: 0.6;\\\"><span style=\\\"font-size: 12px;\\\"><span style=\\\"letter-spacing: 0.01em;\\\"><strong>Lucas is lonely <\/strong>| 60min | 5 Performer:innen | Premiere April 2019 Winnipeg, DE; Jasmine Ellis \/ <\/span><span style=\\\"letter-spacing: 0.01em;\\\"><a href=\\\"http:\/\/www.winnipegscontemporarydancers.ca\/\\\">Winnipeg\u2019s Contemporary Dancers\u00a0<\/a>visiting Artist-in-Residence, <a href=\\\"https:\/\/www.facebook.com\/pages\/Rachel-Browne-Theatre\/153016848664479?eid=ARAkvz73nst2OPdC3fYX6-Qti9_cCmbV_oZTCh03Z99J70vP2XxjVEkP1lUOwu-Y8tOl3k73EBPnQZUo\\\">Rachel Browne Theatre<\/a><\/span><\/span><\/p><p style=\\\"line-height: 0.6;\\\"><span style=\\\"font-size: 12px;\\\"><span style=\\\"letter-spacing: 0.01em;\\\"><strong>Until <\/strong>| Juni 2018 Montreal, CAN; Jasmine Ellis, Assistentin: Susan Paulson und Jee Lam \/ <\/span><span style=\\\"letter-spacing: 0.01em;\\\">Resident Choreographer Springboard Dance Montreal. Mit Unterst\u00fctzung vom <a href=\\\"http:\/\/usine-c.com\/\\\">Usine C<\/a> Theatre, Goethe Institute, Residency auf dem Place des Arts.<\/span><\/span><\/p><p style=\\\"line-height: 0.6;\\\"><span style=\\\"font-size: 12px;\\\"><span style=\\\"letter-spacing: 0.01em;\\\"><strong>Back<\/strong> | Juni 2018 Montreal, CAN; Jasmine Ellis, \/ <\/span><span style=\\\"letter-spacing: 0.01em;\\\">Resident Choreographer Springboard Dance Montreal. Mit Unterst\u00fctzung vom Goethe Institute, Residency and Performance auf dem Place des Arts.<\/span><\/span><\/p><p style=\\\"line-height: 0.6;\\\"><span style=\\\"font-size: 12px;\\\"><span style=\\\"letter-spacing: 0.01em;\\\"><strong>Teil <\/strong>| M\u00e4rz 2018 Toronto, CAN; Jasmine Ellis \/ <\/span><span style=\\\"letter-spacing: 0.01em;\\\">Auftragsarbeit f\u00fcr die Studierenden des dritten Jahrgangs der School of Toronto Dance Theatre \/ ACCELERATION 2018<\/span><\/span><\/p><p style=\\\"line-height: 0.6;\\\"><span style=\\\"font-size: 12px;\\\"><span style=\\\"letter-spacing: 0.01em;\\\"><strong>Empathy<\/strong> | Premiere Jan. 2018 M\u00fcnchen, DE; Jasmine Ellis \/ <\/span><span style=\\\"letter-spacing: 0.01em;\\\">Mit Unterst\u00fctzung von der Stadt M\u00fcnchen. In Kooperation mit Tanztendenz M\u00fcnchen e.V. und Schwere Reiter Tanz M\u00fcnchen \/ <\/span><span style=\\\"letter-spacing: 0.01em;\\\">Wiederauff\u00fchrung beim Rodeo M\u00fcnchen Festival 2018.<\/span><\/span><\/p><p style=\\\"line-height: 0.6;\\\"><span style=\\\"font-size: 12px;\\\"><span style=\\\"letter-spacing: 0.01em;\\\"><strong>Ease of confusion <\/strong>| Juni 2017 Montreal, CAN; Jasmine Ellis, Assistentin: Yael Cibulski \/ <\/span><span style=\\\"letter-spacing: 0.01em;\\\">Springboard Montreal, \u00a0<a href=\\\"http:\/\/usine-c.com\/\\\">Usine C<\/a>\u00a0Theatre, <a href=\\\"http:\/\/embassies.gov.il\/montreal\/Pages\/default.aspx\\\">Consulat G\u00e9n\u00e9ral d\u2019Isra\u00ebl \u00e0 Montr\u00e9al<\/a><\/span><\/span><\/p><p style=\\\"line-height: 0.6;\\\"><span style=\\\"font-size: 12px;\\\"><span style=\\\"letter-spacing: 0.01em;\\\"><strong>Attempted <\/strong>| 2017 Florance , IT; Konzept: Jasmine Ellis, Assistent: Alessandro Marzotto Levy\/ <\/span><span style=\\\"letter-spacing: 0.01em;\\\">OpenFLR<\/span><\/span><\/p><p style=\\\"line-height: 0.6;\\\"><span style=\\\"font-size: 12px;\\\"><span style=\\\"letter-spacing: 0.01em;\\\"><strong>For\u2026To\u2026Step\u2026Next <\/strong>| 2016 M\u00fcnchen, DE; Konzept: Jasmine Ellis &amp; Katrin Schafitel \/ <\/span><span style=\\\"letter-spacing: 0.01em;\\\">In Kooperation mit Tanztendenz M\u00fcnchen e.V. und Schwere Reiter Tanz M\u00fcnchen<\/span><\/span><\/p><p style=\\\"line-height: 0.6;\\\"><span style=\\\"font-size: 12px;\\\"><span style=\\\"letter-spacing: 0.01em;\\\"><strong>RELENT<\/strong> | 2016 Montreal, CAN; Jasmine Ellis, Assistentin: Yael Cibulski \/ <\/span><span style=\\\"letter-spacing: 0.01em;\\\">Springboard Montreal, Place des Arts Montreal, Canada Council for the Arts, The Dufferin Arts Council; George Shepherd Bursary<\/span><\/span><\/p><p style=\\\"line-height: 0.6;\\\"><span style=\\\"font-size: 12px;\\\"><span style=\\\"letter-spacing: 0.01em;\\\"><strong>Lila <\/strong>| 2016 Montreal, CAN; Jasmine Ellis \/ <\/span><span style=\\\"letter-spacing: 0.01em;\\\">Springboard Montreal, Culturel Georges \u00c9mile Lapalme, Canada Council for the Arts, The Dufferin Arts Council; George Shepherd Bursary<\/span><\/span><\/p><p style=\\\"line-height: 0.6;\\\"><span style=\\\"font-size: 12px;\\\"><span style=\\\"letter-spacing: 0.01em;\\\"><strong>I AM REAL LIFE <\/strong>| 2016 M\u00fcnchen, DE; Konzept: Jasmine Ellis &amp; Katrin Schafitel \/ <\/span><span style=\\\"letter-spacing: 0.01em;\\\">In Kooperation mit der Tanztendenz M\u00fcnchen e.V. und Schwere Reiter Tanz M\u00fcnchen<\/span><\/span><\/p><p style=\\\"line-height: 0.6;\\\"><span style=\\\"font-size: 12px;\\\"><span style=\\\"letter-spacing: 0.01em;\\\"><strong>Experiment B <\/strong>| <strong>Experiment B +<\/strong> | 2014 Groningen, NL; Jasmine Ellis, Ido Batash, Thomas Falk \/ <\/span><span style=\\\"letter-spacing: 0.01em;\\\">Random Collision, Moving Futures Festival, Noorderzon performing arts festival\u00a0 <\/span><span style=\\\"letter-spacing: 0.01em;\\\"><strong>\u00a0<\/strong><\/span><\/span><\/p><p style=\\\"line-height: 0.6;\\\"><span style=\\\"font-size: 12px;\\\"><span style=\\\"letter-spacing: 0.01em;\\\"><strong>This Space <\/strong>| 2014 Tilburg, NL; Jasmine Ellis &amp; Anna Asplind \/ <\/span><span style=\\\"letter-spacing: 0.01em;\\\">Fontys Academy, Dans Brabant, Random Collision<\/span><\/span><\/p><p style=\\\"line-height: 0.6;\\\"><span style=\\\"font-size: 12px;\\\"><span style=\\\"letter-spacing: 0.01em;\\\"><strong>Experiment A <\/strong>| 2013 Groningen, NL; Kirsten Krans, Jasmine Ellis, Ido Batash, Matan Zamir \/ <\/span><span style=\\\"letter-spacing: 0.01em;\\\">Random Collision, Noorderzon performing arts festival<\/span><\/span><\/p><p style=\\\"line-height: 0.6;\\\"><span style=\\\"font-size: 12px;\\\"><span style=\\\"letter-spacing: 0.01em;\\\"><strong>All of it<\/strong> | 2011-14 Groningen, NL; Jasmine Ellis \/ <\/span><span style=\\\"letter-spacing: 0.01em;\\\">Random Collision\u2019s Trilogy Project <\/span><span style=\\\"letter-spacing: 0.01em;\\\"><strong>\u00a0<\/strong><\/span><\/span><\/p><p>\u00a0<\/p><p style=\\\"line-height: 0.6;\\\"><span style=\\\"font-size: 15px; letter-spacing: 0.01em;\\\"><strong>Recherchestipendien \/ Residencies <\/strong>(Auswahl)<\/span><\/p><p style=\\\"line-height: 0.6;\\\"><strong><span style=\\\"font-size: 12px;\\\"><span style=\\\"letter-spacing: 0.01em;\\\">NPN \u2013 Stepping out grant 2021 <\/span><\/span><\/strong><span style=\\\"font-size: 12px;\\\"><span style=\\\"letter-spacing: 0.01em;\\\">| 'looking closely' <em>\u2013<\/em> vier Labs zur Erforschung von Tanz und Film\u00a0<\/span><\/span><\/p><p style=\\\"line-height: 0.6;\\\"><strong><span style=\\\"font-size: 12px;\\\"><span style=\\\"letter-spacing: 0.01em;\\\">Dis-Tanzin-Solo 2021 <\/span><\/span><\/strong><span style=\\\"font-size: 12px;\\\"><span style=\\\"letter-spacing: 0.01em;\\\">| 'reflections on voice' <em>\u2013<\/em>\u00a0 Reflektions- und Rechercheprojekt<\/span><\/span><\/p><p style=\\\"line-height: 0.6;\\\"><strong><span style=\\\"font-size: 12px;\\\"><span style=\\\"letter-spacing: 0.01em;\\\">ROXY \u2013 TanzLabor 2021 <\/span><\/span><\/strong><span style=\\\"font-size: 12px;\\\"><span style=\\\"letter-spacing: 0.01em;\\\">| Filmproduktion <em>\u2013\u00a0 <\/em>ROXY Ulm, Deutschland, <\/span><\/span><span style=\\\"font-weight: 400; font-size: 12px;\\\">Jasmine Ellis Projects und Bad Posture Productions<\/span><\/p><p style=\\\"line-height: 0.6;\\\"><strong><span style=\\\"font-size: 12px;\\\"><span style=\\\"letter-spacing: 0.01em;\\\">Fond Darstellende Kunst #takecare \u2013 2021 <\/span><\/span><\/strong><span style=\\\"font-size: 12px;\\\"><span style=\\\"letter-spacing: 0.01em;\\\">| Professionelle Entwicklungsarbeit<\/span><\/span><\/p><p style=\\\"line-height: 0.6;\\\"><span style=\\\"font-size: 12px;\\\"><span style=\\\"letter-spacing: 0.01em;\\\"><strong>Odense 2019 <\/strong>| Filmproduktion <em>\u2013 <\/em>DK \/ <\/span><span style=\\\"letter-spacing: 0.01em;\\\">Mit Unterst\u00fctzung von DANCE ALL YEAR LONG, Odense Filmv\u00e6rksted<\/span><\/span><\/p><p style=\\\"line-height: 0.6;\\\"><span style=\\\"font-size: 12px;\\\"><span style=\\\"letter-spacing: 0.01em;\\\"><strong>Le Broke Lab 2016<\/strong> | <em>research<\/em> <em>\u2013\u00a0 <\/em>CAN; Jasmine Ellis \/ <\/span><span style=\\\"letter-spacing: 0.01em;\\\">Conseil des Arts et des Lettres du Qu\u00e9bec<\/span><\/span><\/p><p style=\\\"line-height: 0.6;\\\"><span style=\\\"font-size: 12px;\\\"><span style=\\\"letter-spacing: 0.01em;\\\"><strong>OPEN STUDIO Tanztendenz Munich 2016<\/strong> | <em>research<\/em> Placebo <em>\u2013\u00a0 <\/em>DE; Jasmine Ellis &amp; Katrin Schafitel \/ <\/span><span style=\\\"letter-spacing: 0.01em;\\\">Landshauptstadt M\u00fcnchen<\/span><\/span><\/p><p style=\\\"line-height: 0.6;\\\"><span style=\\\"font-size: 12px; letter-spacing: 0.01em;\\\"><strong>F\u00e9es d\u2019hiver 2015<\/strong> | \u00c9clipses <span style=\\\"font-size: 12px;\\\"><span style=\\\"letter-spacing: 0.01em;\\\"><em>\u2013\u00a0 <\/em><\/span><\/span> FR; Fr\u00e9d\u00e9rique B\u00e9rub\u00e9 \/ Jasmine Ellis \/ Merryn Kritzinger \/ Audrey Bergeron<\/span><\/p><p style=\\\"line-height: 0.6;\\\"><span style=\\\"font-size: 12px;\\\"><span style=\\\"letter-spacing: 0.01em;\\\"><strong>Dansmakers Amsterdam 2014<\/strong> | Leroy <em>\u2013\u00a0 <\/em> NL; Jasmine Ellis &amp; Toni Jessen \/ <\/span><span style=\\\"letter-spacing: 0.01em;\\\">Dansmakers Amsterdam, Random Collision<\/span><\/span><\/p><p style=\\\"line-height: 0.6;\\\"><span style=\\\"font-size: 12px;\\\"><span style=\\\"letter-spacing: 0.01em;\\\"><strong>Dancemakers Toronto 2013<\/strong> | Tanz\/Film <em>\u2013\u00a0 <\/em> CAN; Jasmine Ellis &amp; Brodie Stevenson \/ <\/span><span style=\\\"letter-spacing: 0.01em;\\\">Bad Posture Productions<\/span><\/span><\/p><p style=\\\"line-height: 0.6;\\\"><span style=\\\"font-size: 12px;\\\"><span style=\\\"letter-spacing: 0.01em;\\\"><strong>ID11 Delft 2009<\/strong> | Our House <em>\u2013 <\/em><strong>\u00a0<\/strong>NL; Jasmine Ellis &amp; Merryn Kritzinger \/ <\/span><span style=\\\"letter-spacing: 0.01em;\\\">ID11, Stichting Stec<\/span><\/span><\/p><p style=\\\"line-height: 0.6;\\\"><span style=\\\"font-size: 8px; letter-spacing: 0.01em;\\\"><strong>\u00a0<\/strong><\/span><\/p><p style=\\\"line-height: 0.6;\\\"><span style=\\\"font-size: 15px;\\\"><span style=\\\"letter-spacing: 0.01em;\\\"><strong>Film <span style=\\\"font-size: 12px;\\\"><em>\u2013\u00a0 <\/em><\/span> Choreographie<\/strong> (Auswahl )<\/span><span style=\\\"letter-spacing: 0.01em;\\\"><strong>\u00a0<\/strong><\/span><\/span><\/p><p style=\\\"line-height: 0.6;\\\"><span style=\\\"font-size: 12px; letter-spacing: 0.01em;\\\"><b>Onomatopoeia <\/b>| 10min | duet | 2021 | <b><strong><span style=\\\"font-weight: 400;\\\">Jasmine Ellis Projects und Bad Posture Productions. Ko-Produktion mit ROXY \u2013 TanzLabor. K\u00fcnstlerische Leitung Pablo Sansalvador<\/span><\/strong><\/b><\/span><\/p><p style=\\\"line-height: 0.6;\\\"><span style=\\\"font-size: 12px;\\\"><span style=\\\"letter-spacing: 0.01em;\\\"><strong>Flail <\/strong>| 2017 M\u00fcnchen; Bad Posture Productions, Jasmine Ellis \/ D.O.P. Ray Demski \/ <\/span><span style=\\\"letter-spacing: 0.01em;\\\">Mit Unterst\u00fctzung von DANCE ALL YEAR LONG, Odense Filmv\u00e6rksted<\/span><\/span><\/p><p style=\\\"line-height: 0.6;\\\"><span style=\\\"font-size: 12px;\\\"><span style=\\\"letter-spacing: 0.01em;\\\"><strong>Cargo <\/strong>| 2017 M\u00fcnchen; Bad Posture Productions, Jasmine Ellis \/ D.O.P. Ray Demski \/ <\/span><span style=\\\"letter-spacing: 0.01em;\\\">Bad Posture Productions<\/span><\/span><\/p><p style=\\\"line-height: 0.6;\\\"><span style=\\\"font-size: 12px;\\\"><span style=\\\"letter-spacing: 0.01em;\\\"><strong>Fire Ball <\/strong>| 2015 M\u00fcnchen; Regie Ray Demski \/ Choreographie Jasmine Ellis \/ <\/span><span style=\\\"letter-spacing: 0.01em;\\\">Ray Demski Productions<\/span><\/span><\/p><p style=\\\"line-height: 0.6;\\\"><span style=\\\"font-size: 12px;\\\"><span style=\\\"letter-spacing: 0.01em;\\\"><strong>Unchained <em>\u2013\u00a0 <\/em> Nikon D750 <\/strong>| 2014 Berlin; Regie Ray Demski \/ Choreographie Jasmine Ellis \/ <\/span><span style=\\\"letter-spacing: 0.01em;\\\">Nikon (release D750) Werbevideo &amp; Fotokampagne<\/span><\/span><\/p><p style=\\\"line-height: 0.6;\\\"><span style=\\\"font-size: 12px;\\\"><span style=\\\"letter-spacing: 0.01em;\\\"><strong>Plan B <\/strong>| 2011 Berlin; Bad Posture Productions, Jasmine Ellis \/ D.O.P. Ray Demski \/ <\/span><span style=\\\"letter-spacing: 0.01em;\\\">Bad Posture Productions<\/span><\/span><\/p><p style=\\\"line-height: 0.6;\\\"><span style=\\\"font-size: 8px; letter-spacing: 0.01em;\\\"><strong>\u00a0<\/strong><\/span><\/p><p style=\\\"line-height: 0.6;\\\"><span style=\\\"font-size: 15px; letter-spacing: 0.01em;\\\"><strong>Film <span style=\\\"font-size: 12px;\\\"><span style=\\\"letter-spacing: 0.01em;\\\"><em>\u2013\u00a0 <\/em><\/span><\/span> Regie<\/strong> (Auswahl)<\/span><\/p><p style=\\\"line-height: 0.6;\\\"><span style=\\\"font-size: 12px;\\\"><b>Onomatopoeia <\/b><span style=\\\"letter-spacing: 0.01em;\\\">| 10min | 2021 <\/span><span style=\\\"letter-spacing: 0.01em;\\\">| <\/span><b><span style=\\\"letter-spacing: 0.01em;\\\"><strong><span style=\\\"font-weight: 400;\\\">Jasmine Ellis Projects und Bad Posture Productions. <span style=\\\"font-size: 12px; letter-spacing: 0.01em;\\\">Ko-Produktion mit ROXY \u2013 TanzLabor. K\u00fcnstlerische Leitung Pablo Sansalvador<\/span><\/span><\/strong><\/span><\/b><\/span><\/p><p style=\\\"line-height: 0.6;\\\"><span style=\\\"font-size: 12px;\\\"><span style=\\\"letter-spacing: 0.01em;\\\"><b>lockdown <\/b>| 2020; Bad Posture Productions, Jasmine Ellis \/ <\/span><span style=\\\"letter-spacing: 0.01em;\\\">Choreographie von LAJAMARTIN ( USA)<\/span><\/span><\/p><p style=\\\"line-height: 0.6;\\\"><span style=\\\"font-size: 12px;\\\"><span style=\\\"letter-spacing: 0.01em;\\\"><strong>Tacete<\/strong> | 2020; Bad Posture Productions, Jasmine Ellis Projects \/ <\/span><span style=\\\"letter-spacing: 0.01em;\\\">Mit Unterst\u00fctzung von der Stadt M\u00fcnchen and Leo Betzl Trio<\/span><\/span><\/p><p style=\\\"line-height: 0.6;\\\"><span style=\\\"font-size: 12px;\\\"><span style=\\\"letter-spacing: 0.01em;\\\"><strong>Flail <\/strong>| 2020 DK; Bad Posture Productions, Jasmine Ellis \/ D.O.P. Ray Demski \/ <\/span><span style=\\\"letter-spacing: 0.01em;\\\">Mit Unterst\u00fctzung von DANCE ALL YEAR LONG, Odense Filmv\u00e6rksted<\/span><\/span><\/p><p style=\\\"line-height: 0.6;\\\"><span style=\\\"font-size: 12px;\\\"><span style=\\\"letter-spacing: 0.01em;\\\"><strong>Cargo <\/strong>| 2017 M\u00fcnchen; Bad Posture Productions, Jasmine Ellis \/ D.O.P. Ray Demski \/ <\/span><span style=\\\"letter-spacing: 0.01em;\\\">Bad Posture Productions<\/span><\/span><\/p><p style=\\\"line-height: 0.6;\\\"><span style=\\\"font-size: 12px;\\\"><span style=\\\"letter-spacing: 0.01em;\\\"><strong>Island of Only Oneland <\/strong>| 2015 M\u00fcnchen; Moritz Ostruschnjak \/ Videoinstallation Jasmine Ellis \/ <\/span><span style=\\\"letter-spacing: 0.01em;\\\">Schwere Reiter Theater M\u00fcnchen<\/span><\/span><\/p><p style=\\\"line-height: 0.6;\\\"><span style=\\\"font-size: 12px;\\\"><span style=\\\"letter-spacing: 0.01em;\\\"><strong>Uturn <\/strong>| 2015 Munich; Jasmine Ellis \/ David Russo \/ D.O.P. Ray Demski \/ <\/span><span style=\\\"letter-spacing: 0.01em;\\\">Dom zu Unserer Lieben Frau des Erzbistums M\u00fcnchen und Freising<\/span><\/span><\/p><p style=\\\"line-height: 0.6;\\\"><span style=\\\"letter-spacing: 0.01em; font-size: 12px;\\\"><strong>Informatie <\/strong>| 2012 Munich\/Groningen; Jasmine Ellis \/ Wubkje Kuindersma \/ D.O.P. Ray Demski \/ Bad Posture Productions, Random Collision, Winner of Best Film Prize at Festival Fiver<\/span><\/p><p style=\\\"line-height: 0.6;\\\"><span style=\\\"letter-spacing: 0.01em; font-size: 12px;\\\"><strong>Plan B <\/strong>| 2011 Berlin; Bad Posture Productions, Jasmine Ellis \/ D.O.P. Ray Demski \/ Bad Posture Productions<\/span><\/p>\",\r\n      \"align\": \"top\",\r\n      \"row\": 0,\r\n      \"col\": 0,\r\n      \"colspan\": 12,\r\n      \"offsetx\": 0,\r\n      \"offsety\": 0,\r\n      \"spaceabove\": 0,\r\n      \"spacebelow\": 0,\r\n      \"yvel\": 1,\r\n      \"push\": 0,\r\n      \"relid\": 4,\r\n      \"frameOverflow\": \"\"\r\n    }\r\n  ]\r\n}","phonegrid":"","_links":{"self":[{"href":"https:\/\/jasminellis.com\/de\/wp-json\/wp\/v2\/pages\/22957"}],"collection":[{"href":"https:\/\/jasminellis.com\/de\/wp-json\/wp\/v2\/pages"}],"about":[{"href":"https:\/\/jasminellis.com\/de\/wp-json\/wp\/v2\/types\/page"}],"author":[{"embeddable":true,"href":"https:\/\/jasminellis.com\/de\/wp-json\/wp\/v2\/users\/2"}],"replies":[{"embeddable":true,"href":"https:\/\/jasminellis.com\/de\/wp-json\/wp\/v2\/comments?post=22957"}],"version-history":[{"count":0,"href":"https:\/\/jasminellis.com\/de\/wp-json\/wp\/v2\/pages\/22957\/revisions"}],"wp:attachment":[{"href":"https:\/\/jasminellis.com\/de\/wp-json\/wp\/v2\/media?parent=22957"}],"curies":[{"name":"wp","href":"https:\/\/api.w.org\/{rel}","templated":true}]}}