{"id":22952,"date":"2021-11-26T14:42:40","date_gmt":"2020-03-15T17:32:36","guid":{"rendered":"https:\/\/jasminellis.com\/imprint-2\/"},"modified":"2021-11-29T18:46:52","modified_gmt":"2021-11-29T16:46:52","slug":"imprint-2","status":"publish","type":"page","link":"https:\/\/jasminellis.com\/de\/imprint-2\/","title":{"rendered":"Impressum"},"content":{"rendered":"","protected":false},"excerpt":{"rendered":"","protected":false},"author":2,"featured_media":0,"parent":0,"menu_order":0,"comment_status":"closed","ping_status":"closed","template":"","meta":{"_monsterinsights_skip_tracking":false,"_monsterinsights_sitenote_active":false,"_monsterinsights_sitenote_note":"","_monsterinsights_sitenote_category":0},"aioseo_notices":[],"grid":"{\r\n  \"colCount\": 12,\r\n  \"colGutter\": 1,\r\n  \"rowGutters\": [],\r\n  \"frameMargin\": 5,\r\n  \"topFrameMargin\": 70,\r\n  \"bottomFrameMargin\": 5,\r\n  \"rowAttrs\": [\r\n    {}\r\n  ],\r\n  \"bgColor\": null,\r\n  \"cont\": [\r\n    {\r\n      \"type\": \"text\",\r\n      \"cont\": \"<p style=\\\"line-height: 1;\\\"><span style=\\\"font-family: IBMPlexSans-Regular-Latin1; font-size: 11px;\\\"><strong><span style=\\\"font-family: IBMPlexSans-Medium-Latin1;\\\">Inhaltlich verantworlich<\/span><\/strong><br \/>Jasmine Ellis<\/span><\/p><p style=\\\"line-height: 1;\\\"><span style=\\\"font-family: IBMPlexSans-Medium-Latin1; font-size: 11px;\\\"><strong>Hosting &amp; E-Mail-Versand<\/strong><\/span><br \/><span style=\\\"font-size: 11px;\\\"><span style=\\\"font-family: IBMPlexSans-Regular-Latin1;\\\">Die von uns in Anspruch genommenen Hosting-Leistungen dienen der Zurverf\u00fcgungstellung der folgenden Leistungen: Infrastruktur- und Plattformdienstleistungen, Rechenkapazit\u00e4t, Speicherplatz und Datenbankdienste, E-Mail-Versand, Sicherheitsleistungen sowie technische Wartungsleistungen, die wir zum Zwecke des Betriebs dieses Onlineangebotes einsetzen. <\/span><span style=\\\"font-family: IBMPlexSans-Regular-Latin1;\\\">Hierbei verarbeiten wir, bzw. unser Hostinganbieter Bestandsdaten, Kontaktdaten, Inhaltsdaten, Vertragsdaten, Nutzungsdaten, Meta- und Kommunikationsdaten von Kunden, Interessenten und Besuchern dieses Onlineangebotes auf Grundlage unserer berechtigten Interessen an einer effizienten und sicheren Zurverf\u00fcgungstellung dieses Onlineangebotes gem. Art. 6 Abs. 1 lit. f DSGVO i.V.m. Art. 28 DSGVO (Abschluss Auftragsverarbeitungsvertrag).<\/span><\/span><\/p><p style=\\\"line-height: 1;\\\"><span style=\\\"font-family: IBMPlexSans-Medium-Latin1; font-size: 11px;\\\"><strong>Onlinepr\u00e4senzen in sozialen Medien<\/strong><\/span><br \/><span style=\\\"font-size: 11px;\\\"><span style=\\\"font-family: IBMPlexSans-Regular-Latin1;\\\">Wir unterhalten Onlinepr\u00e4senzen innerhalb sozialer Netzwerke und Plattformen, um mit den dort aktiven Kunden, Interessenten und Nutzern kommunizier<\/span><span style=\\\"font-family: IBMPlexSans-Regular-Latin1;\\\">en und sie dort \u00fcber unsere Leistungen informieren zu k\u00f6nnen. Beim Aufruf der jeweiligen Netzwerke und Plattformen gelten die Gesch\u00e4ftsbedingungen und die Datenverarbeitungsrichtlinien deren jeweiligen Betreiber. <\/span><span style=\\\"font-family: IBMPlexSans-Regular-Latin1;\\\">Soweit nicht anders im Rahmen unserer Datenschutzerkl\u00e4rung angegeben, verarbeiten wir die Daten der Nutzer sofern diese mit uns innerhalb der sozialen Netzwerke und Plattformen kommunizieren, z.B. Beitr\u00e4ge auf unseren Onlinepr\u00e4senzen verfassen oder uns Nachrichten zusenden.<\/span><\/span><\/p>\",\r\n      \"align\": \"top\",\r\n      \"row\": 0,\r\n      \"col\": 2,\r\n      \"colspan\": 6,\r\n      \"offsetx\": 0,\r\n      \"offsety\": 0,\r\n      \"spaceabove\": 0,\r\n      \"spacebelow\": 0,\r\n      \"yvel\": 1,\r\n      \"push\": 2,\r\n      \"relid\": 4\r\n    }\r\n  ]\r\n}","phonegrid":"","_links":{"self":[{"href":"https:\/\/jasminellis.com\/de\/wp-json\/wp\/v2\/pages\/22952"}],"collection":[{"href":"https:\/\/jasminellis.com\/de\/wp-json\/wp\/v2\/pages"}],"about":[{"href":"https:\/\/jasminellis.com\/de\/wp-json\/wp\/v2\/types\/page"}],"author":[{"embeddable":true,"href":"https:\/\/jasminellis.com\/de\/wp-json\/wp\/v2\/users\/2"}],"replies":[{"embeddable":true,"href":"https:\/\/jasminellis.com\/de\/wp-json\/wp\/v2\/comments?post=22952"}],"version-history":[{"count":0,"href":"https:\/\/jasminellis.com\/de\/wp-json\/wp\/v2\/pages\/22952\/revisions"}],"wp:attachment":[{"href":"https:\/\/jasminellis.com\/de\/wp-json\/wp\/v2\/media?parent=22952"}],"curies":[{"name":"wp","href":"https:\/\/api.w.org\/{rel}","templated":true}]}}